{"id":13,"date":"2025-10-03T19:21:17","date_gmt":"2025-10-03T19:21:17","guid":{"rendered":"https:\/\/se\u00f1ordelastintas.com\/?page_id=13"},"modified":"2025-10-07T23:10:53","modified_gmt":"2025-10-07T23:10:53","slug":"inicio","status":"publish","type":"page","link":"https:\/\/se\u00f1ordelastintas.com\/","title":{"rendered":"Inicio"},"content":{"rendered":"<style>.kb-row-layout-id13_58a6b3-ab > .kt-row-column-wrap{align-content:start;}:where(.kb-row-layout-id13_58a6b3-ab > .kt-row-column-wrap) > .wp-block-kadence-column{justify-content:start;}.kb-row-layout-id13_58a6b3-ab > .kt-row-column-wrap{column-gap:var(--global-kb-gap-md, 2rem);row-gap:var(--global-kb-gap-md, 2rem);padding-top:104px;padding-bottom:160px;}.kb-row-layout-id13_58a6b3-ab > .kt-row-column-wrap > div:not(.added-for-specificity){grid-column:initial;}.kb-row-layout-id13_58a6b3-ab > .kt-row-column-wrap{grid-template-columns:minmax(0, 1fr) minmax(0, 2fr) minmax(0, 1fr);}.kb-row-layout-id13_58a6b3-ab > .kt-row-layout-overlay{opacity:0.55;background-color:var(--global-palette3, #1A202C);}@media all and (max-width: 1024px){.kb-row-layout-id13_58a6b3-ab > .kt-row-column-wrap > div:not(.added-for-specificity){grid-column:initial;}}@media all and (max-width: 1024px){.kb-row-layout-id13_58a6b3-ab > .kt-row-column-wrap{grid-template-columns:minmax(0, 1fr) minmax(0, 2fr) minmax(0, 1fr);}}@media all and (max-width: 767px){.kb-row-layout-id13_58a6b3-ab > .kt-row-column-wrap{padding-top:var(--global-kb-spacing-xl, 4rem);padding-bottom:var(--global-kb-spacing-xl, 4rem);grid-template-columns:minmax(0, 1fr);}.kb-row-layout-id13_58a6b3-ab > .kt-row-column-wrap > div:not(.added-for-specificity){grid-column:initial;}}<\/style><div class=\"kb-row-layout-wrap kb-row-layout-id13_58a6b3-ab alignnone has-theme-palette3-background-color kt-row-has-bg wp-block-kadence-rowlayout\"><div class=\"kt-blocks-carousel kb-blocks-bg-slider kt-carousel-container-dotstyle-none\"><div class=\"kt-blocks-carousel-init kb-blocks-bg-slider-init kt-carousel-arrowstyle-blackonlight kt-carousel-dotstyle-none\" data-slider-anim-speed=\"400\" data-slider-type=\"slider\" data-slider-scroll=\"1\" data-slider-arrows=\"true\" data-slider-fade=\"true\" data-slider-dots=\"false\" data-slider-hover-pause=\"false\" data-slider-auto=\"true\" data-slider-speed=\"5000\" data-show-pause-button=\"false\"><div class=\"kb-bg-slide-contain\"><div class=\"kb-bg-slide kb-bg-slide-0\" style=\"background-image:url(https:\/\/se\u00f1ordelastintas.com\/wp-content\/uploads\/2025\/10\/am-c500-en-un-ambiente-de-offcina-realizando-copias.jpg); background-size:cover; background-position:center center; background-repeat:no-repeat;\"><\/div><\/div><div class=\"kb-bg-slide-contain\"><div class=\"kb-bg-slide kb-bg-slide-1\" style=\"background-image:url(https:\/\/se\u00f1ordelastintas.com\/wp-content\/uploads\/2025\/10\/crea-una-imagen-de-una-persona-en-ful-hd-con-una-impresora-epson-a-lado.jpg); background-size:cover; background-position:center center; background-repeat:no-repeat;\"><\/div><\/div><div class=\"kb-bg-slide-contain\"><div class=\"kb-bg-slide kb-bg-slide-2\" style=\"background-image:url(https:\/\/se\u00f1ordelastintas.com\/wp-content\/uploads\/2025\/10\/una-impresora-epson-en-un-ambiente-empresarial.jpg); background-size:cover; background-position:center center; background-repeat:no-repeat;\"><\/div><\/div><\/div><\/div><div class=\"kt-row-layout-overlay kt-row-overlay-normal\"><\/div><div class=\"kt-row-column-wrap kt-has-3-columns kt-row-layout-center-half kt-tab-layout-inherit kt-mobile-layout-row kt-row-valign-top\">\n<style>.kadence-column13_ad91ad-c9 > .kt-inside-inner-col,.kadence-column13_ad91ad-c9 > .kt-inside-inner-col:before{border-top-left-radius:0px;border-top-right-radius:0px;border-bottom-right-radius:0px;border-bottom-left-radius:0px;}.kadence-column13_ad91ad-c9 > .kt-inside-inner-col{column-gap:var(--global-kb-gap-sm, 1rem);}.kadence-column13_ad91ad-c9 > .kt-inside-inner-col{flex-direction:column;}.kadence-column13_ad91ad-c9 > .kt-inside-inner-col > .aligncenter{width:100%;}.kadence-column13_ad91ad-c9 > .kt-inside-inner-col:before{opacity:0.3;}.kadence-column13_ad91ad-c9{position:relative;}@media all and (max-width: 1024px){.kadence-column13_ad91ad-c9 > .kt-inside-inner-col{flex-direction:column;justify-content:center;}}@media all and (max-width: 767px){.kadence-column13_ad91ad-c9 > .kt-inside-inner-col{flex-direction:column;justify-content:center;}}<\/style>\n<div class=\"wp-block-kadence-column kadence-column13_ad91ad-c9\"><div class=\"kt-inside-inner-col\"><\/div><\/div>\n\n\n<style>.kadence-column13_34f74b-a0 > .kt-inside-inner-col,.kadence-column13_34f74b-a0 > .kt-inside-inner-col:before{border-top-left-radius:0px;border-top-right-radius:0px;border-bottom-right-radius:0px;border-bottom-left-radius:0px;}.kadence-column13_34f74b-a0 > .kt-inside-inner-col{column-gap:var(--global-kb-gap-sm, 1rem);}.kadence-column13_34f74b-a0 > .kt-inside-inner-col{flex-direction:column;}.kadence-column13_34f74b-a0 > .kt-inside-inner-col > .aligncenter{width:100%;}.kadence-column13_34f74b-a0 > .kt-inside-inner-col:before{opacity:0.3;}.kadence-column13_34f74b-a0{position:relative;}@media all and (max-width: 1024px){.kadence-column13_34f74b-a0 > .kt-inside-inner-col{flex-direction:column;justify-content:center;}}@media all and (max-width: 767px){.kadence-column13_34f74b-a0 > .kt-inside-inner-col{flex-direction:column;justify-content:center;}}<\/style>\n<div class=\"wp-block-kadence-column kadence-column13_34f74b-a0\"><div class=\"kt-inside-inner-col\"><style>.wp-block-kadence-advancedheading.kt-adv-heading13_6b7dc9-b7, .wp-block-kadence-advancedheading.kt-adv-heading13_6b7dc9-b7[data-kb-block=\"kb-adv-heading13_6b7dc9-b7\"]{text-align:center;font-size:var(--global-kb-font-size-xl, 3rem);font-style:normal;}.wp-block-kadence-advancedheading.kt-adv-heading13_6b7dc9-b7 mark.kt-highlight, .wp-block-kadence-advancedheading.kt-adv-heading13_6b7dc9-b7[data-kb-block=\"kb-adv-heading13_6b7dc9-b7\"] mark.kt-highlight{font-style:normal;color:#f76a0c;-webkit-box-decoration-break:clone;box-decoration-break:clone;padding-top:0px;padding-right:0px;padding-bottom:0px;padding-left:0px;}<\/style>\n<div class=\"kt-adv-heading13_6b7dc9-b7 wp-block-kadence-advancedheading has-theme-palette-9-color has-text-color\" data-kb-block=\"kb-adv-heading13_6b7dc9-b7\">El Se\u00f1or de las Tintas Expertos en Tintas, T\u00f3ner y Reparaci\u00f3n de Impresoras<\/div>\n\n\n<style>.wp-block-kadence-advancedheading.kt-adv-heading13_ba4ad0-d1, .wp-block-kadence-advancedheading.kt-adv-heading13_ba4ad0-d1[data-kb-block=\"kb-adv-heading13_ba4ad0-d1\"]{margin-top:var(--global-kb-spacing-md, 2rem);text-align:center;font-size:var(--global-kb-font-size-lg, 2rem);font-style:normal;}.wp-block-kadence-advancedheading.kt-adv-heading13_ba4ad0-d1 mark.kt-highlight, .wp-block-kadence-advancedheading.kt-adv-heading13_ba4ad0-d1[data-kb-block=\"kb-adv-heading13_ba4ad0-d1\"] mark.kt-highlight{font-style:normal;color:#f76a0c;-webkit-box-decoration-break:clone;box-decoration-break:clone;padding-top:0px;padding-right:0px;padding-bottom:0px;padding-left:0px;}<\/style>\n<p class=\"kt-adv-heading13_ba4ad0-d1 wp-block-kadence-advancedheading has-theme-palette-9-color has-text-color\" data-kb-block=\"kb-adv-heading13_ba4ad0-d1\">Tu aliado confiable en impresi\u00f3n y oficina. Calidad, garant\u00eda y servicio en cada p\u00e1gina<\/p>\n<\/div><\/div>\n\n\n<style>.kadence-column13_ab8ff4-93 > .kt-inside-inner-col,.kadence-column13_ab8ff4-93 > .kt-inside-inner-col:before{border-top-left-radius:0px;border-top-right-radius:0px;border-bottom-right-radius:0px;border-bottom-left-radius:0px;}.kadence-column13_ab8ff4-93 > .kt-inside-inner-col{column-gap:var(--global-kb-gap-sm, 1rem);}.kadence-column13_ab8ff4-93 > .kt-inside-inner-col{flex-direction:column;}.kadence-column13_ab8ff4-93 > .kt-inside-inner-col > .aligncenter{width:100%;}.kadence-column13_ab8ff4-93 > .kt-inside-inner-col:before{opacity:0.3;}.kadence-column13_ab8ff4-93{position:relative;}@media all and (max-width: 1024px){.kadence-column13_ab8ff4-93 > .kt-inside-inner-col{flex-direction:column;justify-content:center;}}@media all and (max-width: 767px){.kadence-column13_ab8ff4-93 > .kt-inside-inner-col{flex-direction:column;justify-content:center;}}<\/style>\n<div class=\"wp-block-kadence-column kadence-column13_ab8ff4-93\"><div class=\"kt-inside-inner-col\"><\/div><\/div>\n\n<\/div><\/div>\n\n<style>.kb-row-layout-id13_fff501-86 > .kt-row-column-wrap{align-content:start;}:where(.kb-row-layout-id13_fff501-86 > .kt-row-column-wrap) > .wp-block-kadence-column{justify-content:start;}.kb-row-layout-id13_fff501-86 > .kt-row-column-wrap{column-gap:var(--global-kb-gap-md, 2rem);row-gap:var(--global-kb-gap-md, 2rem);padding-top:var(--global-kb-spacing-sm, 1.5rem);padding-bottom:var(--global-kb-spacing-sm, 1.5rem);grid-template-columns:repeat(2, minmax(0, 1fr));}.kb-row-layout-id13_fff501-86 > .kt-row-layout-overlay{opacity:0.30;}@media all and (max-width: 1024px){.kb-row-layout-id13_fff501-86 > .kt-row-column-wrap{grid-template-columns:repeat(2, minmax(0, 1fr));}}@media all and (max-width: 767px){.kb-row-layout-id13_fff501-86 > .kt-row-column-wrap{grid-template-columns:minmax(0, 1fr);}}<\/style><div class=\"kb-row-layout-wrap kb-row-layout-id13_fff501-86 alignnone wp-block-kadence-rowlayout\"><div class=\"kt-blocks-carousel kb-blocks-bg-slider kt-carousel-container-dotstyle-dark\"><div class=\"kt-blocks-carousel-init kb-blocks-bg-slider-init kt-carousel-arrowstyle-none kt-carousel-dotstyle-dark\" data-slider-anim-speed=\"400\" data-slider-type=\"slider\" data-slider-scroll=\"1\" data-slider-arrows=\"false\" data-slider-fade=\"true\" data-slider-dots=\"true\" data-slider-hover-pause=\"false\" data-slider-auto=\"true\" data-slider-speed=\"7000\" data-show-pause-button=\"false\"><div class=\"kb-bg-slide-contain\"><div class=\"kb-bg-slide kb-bg-slide-0\" style=\"\"><\/div><\/div><\/div><\/div><div class=\"kt-row-column-wrap kt-has-2-columns kt-row-layout-equal kt-tab-layout-inherit kt-mobile-layout-row kt-row-valign-top\">\n<style>.kadence-column13_e8d185-21 > .kt-inside-inner-col{border-top-width:0px;border-right-width:0px;border-bottom-width:0px;border-left-width:0px;}.kadence-column13_e8d185-21 > .kt-inside-inner-col,.kadence-column13_e8d185-21 > .kt-inside-inner-col:before{border-top-left-radius:0px;border-top-right-radius:0px;border-bottom-right-radius:0px;border-bottom-left-radius:0px;}.kadence-column13_e8d185-21 > .kt-inside-inner-col{column-gap:var(--global-kb-gap-sm, 1rem);}.kadence-column13_e8d185-21 > .kt-inside-inner-col{flex-direction:column;}.kadence-column13_e8d185-21 > .kt-inside-inner-col > .aligncenter{width:100%;}.kadence-column13_e8d185-21 > .kt-inside-inner-col:before{opacity:0.3;}.kadence-column13_e8d185-21{position:relative;}@media all and (max-width: 1024px){.kadence-column13_e8d185-21 > .kt-inside-inner-col{flex-direction:column;justify-content:center;}}@media all and (max-width: 767px){.kadence-column13_e8d185-21 > .kt-inside-inner-col{flex-direction:column;justify-content:center;}}<\/style>\n<div class=\"wp-block-kadence-column kadence-column13_e8d185-21\"><div class=\"kt-inside-inner-col\"><style>.wp-block-kadence-advancedheading.kt-adv-heading13_f12fb9-ae, .wp-block-kadence-advancedheading.kt-adv-heading13_f12fb9-ae[data-kb-block=\"kb-adv-heading13_f12fb9-ae\"]{font-size:var(--global-kb-font-size-xl, 3rem);font-style:normal;}.wp-block-kadence-advancedheading.kt-adv-heading13_f12fb9-ae mark.kt-highlight, .wp-block-kadence-advancedheading.kt-adv-heading13_f12fb9-ae[data-kb-block=\"kb-adv-heading13_f12fb9-ae\"] mark.kt-highlight{font-style:normal;color:#f76a0c;-webkit-box-decoration-break:clone;box-decoration-break:clone;padding-top:0px;padding-right:0px;padding-bottom:0px;padding-left:0px;}<\/style>\n<h2 class=\"kt-adv-heading13_f12fb9-ae wp-block-kadence-advancedheading\" data-kb-block=\"kb-adv-heading13_f12fb9-ae\">\u00bfPor qu\u00e9 adquirir un chip virtual de impresora?<\/h2>\n\n\n<style>.wp-block-kadence-iconlist.kt-svg-icon-list-items13_408a1a-01:not(.this-stops-third-party-issues){margin-top:0px;margin-bottom:0px;}.wp-block-kadence-iconlist.kt-svg-icon-list-items13_408a1a-01 ul.kt-svg-icon-list:not(.this-prevents-issues):not(.this-stops-third-party-issues):not(.tijsloc){margin-top:0px;margin-right:0px;margin-bottom:var(--global-kb-spacing-sm, 1.5rem);margin-left:0px;}.wp-block-kadence-iconlist.kt-svg-icon-list-items13_408a1a-01 ul.kt-svg-icon-list{grid-row-gap:5px;}.wp-block-kadence-iconlist.kt-svg-icon-list-items13_408a1a-01 ul.kt-svg-icon-list .kt-svg-icon-list-item-wrap .kt-svg-icon-list-single{margin-right:10px;}.kt-svg-icon-list-items13_408a1a-01 ul.kt-svg-icon-list .kt-svg-icon-list-item-wrap, .kt-svg-icon-list-items13_408a1a-01 ul.kt-svg-icon-list .kt-svg-icon-list-item-wrap a{font-size:var(--global-kb-font-size-md, 1.25rem);}.kt-svg-icon-list-items13_408a1a-01 ul.kt-svg-icon-list .kt-svg-icon-list-level-0 .kt-svg-icon-list-single svg{font-size:20px;}<\/style>\n<div class=\"wp-block-kadence-iconlist kt-svg-icon-list-items kt-svg-icon-list-items13_408a1a-01 kt-svg-icon-list-columns-1 alignnone\"><ul class=\"kt-svg-icon-list\"><style>.kt-svg-icon-list-item-13_e035c0-c5 .kt-svg-icon-list-single{font-size:38px !important;}.kt-svg-icon-list-item-13_e035c0-c5 .kt-svg-icon-list-text mark.kt-highlight{background-color:unset;font-size:100px;font-style:normal;color:#f76a0c;-webkit-box-decoration-break:clone;box-decoration-break:clone;padding-top:0px;padding-right:0px;padding-bottom:0px;padding-left:0px;}<\/style>\n<li class=\"wp-block-kadence-listitem kt-svg-icon-list-item-wrap kt-svg-icon-list-item-13_e035c0-c5 kt-svg-icon-list-level-2\"><span class=\"kb-svg-icon-wrap kb-svg-icon-fe_checkCircle kt-svg-icon-list-single\"><svg viewBox=\"0 0 24 24\"  fill=\"none\" stroke=\"currentColor\" stroke-width=\"2\" stroke-linecap=\"round\" stroke-linejoin=\"round\" xmlns=\"http:\/\/www.w3.org\/2000\/svg\"  aria-hidden=\"true\"><path d=\"M22 11.08V12a10 10 0 1 1-5.93-9.14\"\/><polyline points=\"22 4 12 14.01 9 11.01\"\/><\/svg><\/span><span class=\"kt-svg-icon-list-text\">La impresora nunca se detendr\u00e1 y nunca le pedir\u00e1 nuevos cartuchos de tinta.<\/span><\/li>\n\n\n<style>.kt-svg-icon-list-item-13_35b041-a4 .kt-svg-icon-list-single{font-size:38px !important;}.kt-svg-icon-list-item-13_35b041-a4 .kt-svg-icon-list-text mark.kt-highlight{background-color:unset;font-size:200px;font-style:normal;color:#f76a0c;text-transform:capitalize;-webkit-box-decoration-break:clone;box-decoration-break:clone;padding-top:0px;padding-right:0px;padding-bottom:0px;padding-left:0px;}<\/style>\n<li class=\"wp-block-kadence-listitem kt-svg-icon-list-item-wrap kt-svg-icon-list-item-13_35b041-a4 kt-svg-icon-list-level-2\"><span class=\"kb-svg-icon-wrap kb-svg-icon-fe_checkCircle kt-svg-icon-list-single\"><svg viewBox=\"0 0 24 24\"  fill=\"none\" stroke=\"currentColor\" stroke-width=\"2\" stroke-linecap=\"round\" stroke-linejoin=\"round\" xmlns=\"http:\/\/www.w3.org\/2000\/svg\"  aria-hidden=\"true\"><path d=\"M22 11.08V12a10 10 0 1 1-5.93-9.14\"\/><polyline points=\"22 4 12 14.01 9 11.01\"\/><\/svg><\/span><span class=\"kt-svg-icon-list-text\">Niveles de tinta siempre al 100%.<\/span><\/li>\n\n\n<style>.kt-svg-icon-list-item-13_8b8bcf-6f .kt-svg-icon-list-single{font-size:38px !important;}.kt-svg-icon-list-item-13_8b8bcf-6f .kt-svg-icon-list-text mark.kt-highlight{background-color:unset;font-size:100px;font-style:normal;color:#f76a0c;-webkit-box-decoration-break:clone;box-decoration-break:clone;padding-top:0px;padding-right:0px;padding-bottom:0px;padding-left:0px;}<\/style>\n<li class=\"wp-block-kadence-listitem kt-svg-icon-list-item-wrap kt-svg-icon-list-item-13_8b8bcf-6f kt-svg-icon-list-level-2\"><span class=\"kb-svg-icon-wrap kb-svg-icon-fe_checkCircle kt-svg-icon-list-single\"><svg viewBox=\"0 0 24 24\"  fill=\"none\" stroke=\"currentColor\" stroke-width=\"2\" stroke-linecap=\"round\" stroke-linejoin=\"round\" xmlns=\"http:\/\/www.w3.org\/2000\/svg\"  aria-hidden=\"true\"><path d=\"M22 11.08V12a10 10 0 1 1-5.93-9.14\"\/><polyline points=\"22 4 12 14.01 9 11.01\"\/><\/svg><\/span><span class=\"kt-svg-icon-list-text\">No m\u00e1s mensajes molestosos sobre tintas no genuinas.<\/span><\/li>\n\n\n<style>.kt-svg-icon-list-item-13_80dd0c-54 .kt-svg-icon-list-single{font-size:38px !important;}.kt-svg-icon-list-item-13_80dd0c-54 .kt-svg-icon-list-text mark.kt-highlight{background-color:unset;font-size:100px;font-style:normal;color:#f76a0c;-webkit-box-decoration-break:clone;box-decoration-break:clone;padding-top:0px;padding-right:0px;padding-bottom:0px;padding-left:0px;}<\/style>\n<li class=\"wp-block-kadence-listitem kt-svg-icon-list-item-wrap kt-svg-icon-list-item-13_80dd0c-54 kt-svg-icon-list-level-2\"><span class=\"kb-svg-icon-wrap kb-svg-icon-fe_checkCircle kt-svg-icon-list-single\"><svg viewBox=\"0 0 24 24\"  fill=\"none\" stroke=\"currentColor\" stroke-width=\"2\" stroke-linecap=\"round\" stroke-linejoin=\"round\" xmlns=\"http:\/\/www.w3.org\/2000\/svg\"  aria-hidden=\"true\"><path d=\"M22 11.08V12a10 10 0 1 1-5.93-9.14\"\/><polyline points=\"22 4 12 14.01 9 11.01\"\/><\/svg><\/span><span class=\"kt-svg-icon-list-text\">Permite utilizar cartuchos sin chip o cartuchos recargados.<\/span><\/li>\n\n\n<style>.kt-svg-icon-list-item-13_16d6a9-3a .kt-svg-icon-list-single{font-size:38px !important;}.kt-svg-icon-list-item-13_16d6a9-3a .kt-svg-icon-list-text mark.kt-highlight{background-color:unset;font-size:100px;font-style:normal;color:#f76a0c;-webkit-box-decoration-break:clone;box-decoration-break:clone;padding-top:0px;padding-right:0px;padding-bottom:0px;padding-left:0px;}<\/style>\n<li class=\"wp-block-kadence-listitem kt-svg-icon-list-item-wrap kt-svg-icon-list-item-13_16d6a9-3a kt-svg-icon-list-level-2\"><span class=\"kb-svg-icon-wrap kb-svg-icon-fe_checkCircle kt-svg-icon-list-single\"><svg viewBox=\"0 0 24 24\"  fill=\"none\" stroke=\"currentColor\" stroke-width=\"2\" stroke-linecap=\"round\" stroke-linejoin=\"round\" xmlns=\"http:\/\/www.w3.org\/2000\/svg\"  aria-hidden=\"true\"><path d=\"M22 11.08V12a10 10 0 1 1-5.93-9.14\"\/><polyline points=\"22 4 12 14.01 9 11.01\"\/><\/svg><\/span><span class=\"kt-svg-icon-list-text\">Brindando opciones m\u00e1s amplias para adquirir cartuchos de tinta a precios m\u00e1s competitivos.<\/span><\/li>\n<\/ul><\/div>\n\n\n<style>.wp-block-kadence-advancedbtn.kb-btns13_903877-78{gap:var(--global-kb-gap-xs, 0.5rem );justify-content:center;align-items:center;}.kt-btns13_903877-78 .kt-button{font-weight:normal;font-style:normal;}.kt-btns13_903877-78 .kt-btn-wrap-0{margin-right:5px;}.wp-block-kadence-advancedbtn.kt-btns13_903877-78 .kt-btn-wrap-0 .kt-button{color:#555555;border-color:#555555;}.wp-block-kadence-advancedbtn.kt-btns13_903877-78 .kt-btn-wrap-0 .kt-button:hover, .wp-block-kadence-advancedbtn.kt-btns13_903877-78 .kt-btn-wrap-0 .kt-button:focus{color:#ffffff;border-color:#444444;}.wp-block-kadence-advancedbtn.kt-btns13_903877-78 .kt-btn-wrap-0 .kt-button::before{display:none;}.wp-block-kadence-advancedbtn.kt-btns13_903877-78 .kt-btn-wrap-0 .kt-button:hover, .wp-block-kadence-advancedbtn.kt-btns13_903877-78 .kt-btn-wrap-0 .kt-button:focus{background:#444444;}<\/style>\n<div class=\"wp-block-kadence-advancedbtn kb-buttons-wrap kb-btns13_903877-78\"><style>ul.menu .wp-block-kadence-advancedbtn .kb-btn13_d1b386-63.kb-button{width:initial;}<\/style><span class=\"kb-button kt-button button kb-btn13_d1b386-63 kt-btn-size-standard kt-btn-width-type-auto kb-btn-global-fill  kt-btn-has-text-true kt-btn-has-svg-false  wp-block-kadence-singlebtn\"><span class=\"kt-btn-inner-text\">Ver Tienda<\/span><\/span><\/div>\n<\/div><\/div>\n\n\n<style>.kadence-column13_0b4fbe-72 > .kt-inside-inner-col,.kadence-column13_0b4fbe-72 > .kt-inside-inner-col:before{border-top-left-radius:0px;border-top-right-radius:0px;border-bottom-right-radius:0px;border-bottom-left-radius:0px;}.kadence-column13_0b4fbe-72 > .kt-inside-inner-col{column-gap:var(--global-kb-gap-sm, 1rem);}.kadence-column13_0b4fbe-72 > .kt-inside-inner-col{flex-direction:column;}.kadence-column13_0b4fbe-72 > .kt-inside-inner-col > .aligncenter{width:100%;}.kadence-column13_0b4fbe-72 > .kt-inside-inner-col:before{opacity:0.3;}.kadence-column13_0b4fbe-72{position:relative;}@media all and (max-width: 1024px){.kadence-column13_0b4fbe-72 > .kt-inside-inner-col{flex-direction:column;justify-content:center;}}@media all and (max-width: 767px){.kadence-column13_0b4fbe-72 > .kt-inside-inner-col{flex-direction:column;justify-content:center;}}<\/style>\n<div class=\"wp-block-kadence-column kadence-column13_0b4fbe-72\"><div class=\"kt-inside-inner-col\">\n<figure class=\"wp-block-image size-full\"><img fetchpriority=\"high\" decoding=\"async\" width=\"700\" height=\"490\" src=\"https:\/\/se\u00f1ordelastintas.com\/wp-content\/uploads\/2025\/10\/icons.jpg\" alt=\"\" class=\"wp-image-77\" srcset=\"https:\/\/se\u00f1ordelastintas.com\/wp-content\/uploads\/2025\/10\/icons.jpg 700w, https:\/\/se\u00f1ordelastintas.com\/wp-content\/uploads\/2025\/10\/icons-300x210.jpg 300w\" sizes=\"(max-width: 700px) 100vw, 700px\" \/><\/figure>\n<\/div><\/div>\n\n<\/div><\/div>\n\n\n<p><\/p>\n","protected":false},"excerpt":{"rendered":"<p>El Se\u00f1or de las Tintas Expertos en Tintas, T\u00f3ner y Reparaci\u00f3n de Impresoras Tu aliado confiable en impresi\u00f3n y oficina. Calidad, garant\u00eda y servicio en cada p\u00e1gina \u00bfPor qu\u00e9 adquirir un chip virtual de impresora?<\/p>\n","protected":false},"author":1,"featured_media":0,"parent":0,"menu_order":0,"comment_status":"closed","ping_status":"closed","template":"","meta":{"_kad_post_transparent":"","_kad_post_title":"hide","_kad_post_layout":"fullwidth","_kad_post_sidebar_id":"","_kad_post_content_style":"unboxed","_kad_post_vertical_padding":"hide","_kad_post_feature":"","_kad_post_feature_position":"","_kad_post_header":false,"_kad_post_footer":false,"footnotes":""},"class_list":["post-13","page","type-page","status-publish","hentry"],"_hostinger_reach_plugin_has_subscription_block":false,"_hostinger_reach_plugin_is_elementor":false,"_links":{"self":[{"href":"https:\/\/se\u00f1ordelastintas.com\/index.php?rest_route=\/wp\/v2\/pages\/13","targetHints":{"allow":["GET"]}}],"collection":[{"href":"https:\/\/se\u00f1ordelastintas.com\/index.php?rest_route=\/wp\/v2\/pages"}],"about":[{"href":"https:\/\/se\u00f1ordelastintas.com\/index.php?rest_route=\/wp\/v2\/types\/page"}],"author":[{"embeddable":true,"href":"https:\/\/se\u00f1ordelastintas.com\/index.php?rest_route=\/wp\/v2\/users\/1"}],"replies":[{"embeddable":true,"href":"https:\/\/se\u00f1ordelastintas.com\/index.php?rest_route=%2Fwp%2Fv2%2Fcomments&post=13"}],"version-history":[{"count":39,"href":"https:\/\/se\u00f1ordelastintas.com\/index.php?rest_route=\/wp\/v2\/pages\/13\/revisions"}],"predecessor-version":[{"id":94,"href":"https:\/\/se\u00f1ordelastintas.com\/index.php?rest_route=\/wp\/v2\/pages\/13\/revisions\/94"}],"wp:attachment":[{"href":"https:\/\/se\u00f1ordelastintas.com\/index.php?rest_route=%2Fwp%2Fv2%2Fmedia&parent=13"}],"curies":[{"name":"wp","href":"https:\/\/api.w.org\/{rel}","templated":true}]}}